{"id":32008,"date":"2022-05-04T20:01:18","date_gmt":"2022-05-04T18:01:18","guid":{"rendered":"https:\/\/swiss-energypark.com\/?page_id=32008"},"modified":"2024-08-15T15:06:09","modified_gmt":"2024-08-15T13:06:09","slug":"media_press-clippings","status":"publish","type":"page","link":"https:\/\/swiss-energypark.com\/de\/media_press-clippings\/","title":{"rendered":"Media &#038; press Clippings"},"content":{"rendered":"<p><div class=\"fusion-bg-parallax\" data-bg-align=\"center top\" data-direction=\"down\" data-mute=\"false\" data-opacity=\"100\" data-velocity=\"-0.3\" data-mobile-enabled=\"false\" data-break_parents=\"0\" data-bg-image=\"https:\/\/swiss-energypark.com\/wp-content\/uploads\/2022\/05\/SwissEnergypark_media.jpg\" data-bg-repeat=\"false\" data-bg-color=\"#6a8a76\" data-blend-mode=\"multiply\" ><\/div><div class=\"fusion-fullwidth fullwidth-box fusion-builder-row-1 fusion-flex-container fusion-parallax-down nonhundred-percent-fullwidth non-hundred-percent-height-scrolling\" style=\"--awb-background-position:center top;--awb-background-blend-mode:multiply;--awb-border-radius-top-left:0px;--awb-border-radius-top-right:0px;--awb-border-radius-bottom-right:0px;--awb-border-radius-bottom-left:0px;--awb-padding-top-medium:100px;--awb-padding-top-small:0px;--awb-min-height:500px;--awb-min-height-small:350px;--awb-background-color:#6a8a76;--awb-background-image:url(&quot;https:\/\/swiss-energypark.com\/wp-content\/uploads\/2022\/05\/SwissEnergypark_media.jpg&quot;);--awb-background-size:cover;--awb-flex-wrap:wrap;\" ><div class=\"fusion-builder-row fusion-row fusion-flex-align-items-flex-end fusion-flex-content-wrap\" style=\"max-width:1296px;margin-left: calc(-8% \/ 2 );margin-right: calc(-8% \/ 2 );\"><div class=\"fusion-layout-column fusion_builder_column fusion-builder-column-0 fusion_builder_column_1_1 1_1 fusion-flex-column\" style=\"--awb-padding-bottom:64px;--awb-bg-size:cover;--awb-width-large:100%;--awb-margin-top-large:0px;--awb-spacing-right-large:3.68%;--awb-margin-bottom-large:20px;--awb-spacing-left-large:3.68%;--awb-width-medium:100%;--awb-order-medium:0;--awb-spacing-right-medium:3.68%;--awb-spacing-left-medium:3.68%;--awb-width-small:100%;--awb-order-small:0;--awb-spacing-right-small:3.68%;--awb-spacing-left-small:3.68%;\"><div class=\"fusion-column-wrapper fusion-column-has-shadow fusion-flex-justify-content-flex-start fusion-content-layout-column\"><div class=\"fusion-title title fusion-title-1 fusion-sep-none fusion-title-text fusion-title-size-one\" style=\"--awb-text-color:#ffffff;--awb-margin-top-small:10px;--awb-margin-right-small:0px;--awb-margin-bottom-small:10px;--awb-margin-left-small:0px;\"><h1 class=\"fusion-title-heading title-heading-left\" style=\"margin:0;\">Media &#038; press Clippings<\/h1><\/div><\/div><\/div><\/div><\/div>\n<div class=\"fusion-fullwidth fullwidth-box fusion-builder-row-2 fusion-flex-container nonhundred-percent-fullwidth non-hundred-percent-height-scrolling\" style=\"--awb-border-radius-top-left:0px;--awb-border-radius-top-right:0px;--awb-border-radius-bottom-right:0px;--awb-border-radius-bottom-left:0px;--awb-flex-wrap:wrap;\" ><div class=\"fusion-builder-row fusion-row fusion-flex-align-items-flex-start fusion-flex-content-wrap\" style=\"max-width:1296px;margin-left: calc(-8% \/ 2 );margin-right: calc(-8% \/ 2 );\"><div class=\"fusion-layout-column fusion_builder_column fusion-builder-column-1 fusion_builder_column_1_1 1_1 fusion-flex-column\" style=\"--awb-bg-size:cover;--awb-width-large:100%;--awb-margin-top-large:0px;--awb-spacing-right-large:3.68%;--awb-margin-bottom-large:0px;--awb-spacing-left-large:3.68%;--awb-width-medium:100%;--awb-spacing-right-medium:3.68%;--awb-spacing-left-medium:3.68%;--awb-width-small:100%;--awb-spacing-right-small:3.68%;--awb-spacing-left-small:3.68%;\"><div class=\"fusion-column-wrapper fusion-flex-justify-content-flex-start fusion-content-layout-column\"><\/div><\/div><\/div><\/div><div class=\"fusion-fullwidth fullwidth-box fusion-builder-row-3 fusion-flex-container nonhundred-percent-fullwidth non-hundred-percent-height-scrolling\" style=\"--awb-border-radius-top-left:0px;--awb-border-radius-top-right:0px;--awb-border-radius-bottom-right:0px;--awb-border-radius-bottom-left:0px;--awb-padding-top:96px;--awb-padding-bottom:10px;--awb-padding-top-small:40px;--awb-padding-bottom-small:40px;--awb-background-color:#e0e6e2;--awb-flex-wrap:wrap;\" ><div class=\"fusion-builder-row fusion-row fusion-flex-align-items-flex-start fusion-flex-content-wrap\" style=\"max-width:1296px;margin-left: calc(-8% \/ 2 );margin-right: calc(-8% \/ 2 );\"><div class=\"fusion-layout-column fusion_builder_column fusion-builder-column-2 fusion_builder_column_1_1 1_1 fusion-flex-column\" style=\"--awb-bg-size:cover;--awb-width-large:100%;--awb-margin-top-large:0px;--awb-spacing-right-large:3.68%;--awb-margin-bottom-large:20px;--awb-spacing-left-large:3.68%;--awb-width-medium:100%;--awb-order-medium:0;--awb-spacing-right-medium:3.68%;--awb-spacing-left-medium:3.68%;--awb-width-small:100%;--awb-order-small:0;--awb-spacing-right-small:3.68%;--awb-spacing-left-small:3.68%;\"><div class=\"fusion-column-wrapper fusion-column-has-shadow fusion-flex-justify-content-flex-start fusion-content-layout-column\"><div class=\"fusion-text fusion-text-1\" style=\"--awb-font-size:var(--awb-typography3-font-size);--awb-line-height:var(--awb-typography3-line-height);--awb-letter-spacing:var(--awb-typography3-letter-spacing);--awb-text-transform:var(--awb-typography3-text-transform);--awb-text-font-family:var(--awb-typography3-font-family);--awb-text-font-weight:var(--awb-typography3-font-weight);--awb-text-font-style:var(--awb-typography3-font-style);\"><p>Conf\u00e9rence de presse &#8211; August 06, 2024<\/p>\n<h3>InfiNeed : The Interplay of Feedback and Incentive Effects on Electricity Demand<\/h3>\n<h3><\/h3>\n<\/div><\/div><\/div><\/div><\/div><div class=\"fusion-fullwidth fullwidth-box fusion-builder-row-4 fusion-flex-container nonhundred-percent-fullwidth non-hundred-percent-height-scrolling\" style=\"--awb-border-radius-top-left:0px;--awb-border-radius-top-right:0px;--awb-border-radius-bottom-right:0px;--awb-border-radius-bottom-left:0px;--awb-padding-top:10px;--awb-background-color:#ffffff;--awb-flex-wrap:wrap;\" ><div class=\"fusion-builder-row fusion-row fusion-flex-align-items-flex-start fusion-flex-content-wrap\" style=\"max-width:1296px;margin-left: calc(-8% \/ 2 );margin-right: calc(-8% \/ 2 );\"><div class=\"fusion-layout-column fusion_builder_column fusion-builder-column-3 fusion_builder_column_1_1 1_1 fusion-flex-column\" style=\"--awb-bg-size:cover;--awb-width-large:100%;--awb-margin-top-large:0px;--awb-spacing-right-large:3.68%;--awb-margin-bottom-large:20px;--awb-spacing-left-large:3.68%;--awb-width-medium:100%;--awb-order-medium:0;--awb-spacing-right-medium:3.68%;--awb-spacing-left-medium:3.68%;--awb-width-small:100%;--awb-order-small:0;--awb-spacing-right-small:3.68%;--awb-spacing-left-small:3.68%;\"><div class=\"fusion-column-wrapper fusion-column-has-shadow fusion-flex-justify-content-flex-start fusion-content-layout-column\"><div class=\"fusion-text fusion-text-2\"><p>07 ao\u00fbt 2024<\/p>\n<p><strong>Le Quotidien Jurassien<\/strong><\/p>\n<h5 class=\"sc-1iq3hu0-0 fYcAOv sc-199v9xc-5 cYVlnN\">Un test grandeur nature pour r\u00e9duire sa consommation<\/h5>\n<p><a href=\"https:\/\/swiss-energypark.com\/wp-content\/uploads\/2024\/08\/Un_test_grandeur_nature_pour_reduire_sa_consommation_.pdf\">Vers l&#8217;article<\/a><\/p>\n<\/div><div class=\"fusion-separator fusion-full-width-sep\" style=\"align-self: center;margin-left: auto;margin-right: auto;width:100%;\"><div class=\"fusion-separator-border sep-single sep-solid\" style=\"--awb-height:20px;--awb-amount:20px;border-color:var(--awb-color3);border-top-width:1px;\"><\/div><\/div><div class=\"fusion-text fusion-text-3\"><p>07 ao\u00fbt 2024<\/p>\n<p><strong>Journal du Jura<\/strong><\/p>\n<h5 class=\"sc-1iq3hu0-0 fYcAOv sc-199v9xc-5 cYVlnN\">Se mettre au courant pour diminuer sa consommation<\/h5>\n<p><a href=\"https:\/\/swiss-energypark.com\/wp-content\/uploads\/2024\/08\/Se_mettre_au_courant_pour_diminuer_sa_consommation_.pdf\">Vers l&#8217;article<\/a><\/p>\n<\/div><div class=\"fusion-separator fusion-full-width-sep\" style=\"align-self: center;margin-left: auto;margin-right: auto;width:100%;\"><div class=\"fusion-separator-border sep-single sep-solid\" style=\"--awb-height:20px;--awb-amount:20px;border-color:var(--awb-color3);border-top-width:1px;\"><\/div><\/div><div class=\"fusion-text fusion-text-4\"><p>07 ao\u00fbt 2024<\/p>\n<p><strong>RFJ<\/strong><\/p>\n<h5 class=\"sc-1iq3hu0-0 fYcAOv sc-199v9xc-5 cYVlnN\">Appel aux m\u00e9nages pour une \u00e9tude sur l&#8217;\u00e9lectricit\u00e9<\/h5>\n<p><a href=\"https:\/\/swiss-energypark.com\/wp-content\/uploads\/2024\/08\/RFJ-Appel-aux-menages-pour-une-etude-sur-la-consommation-delectricite-RFJ-votre-radio-regionale.pdf\">Vers l&#8217;article<\/a><\/p>\n<\/div><div class=\"fusion-separator fusion-full-width-sep\" style=\"align-self: center;margin-left: auto;margin-right: auto;width:100%;\"><div class=\"fusion-separator-border sep-single sep-solid\" style=\"--awb-height:20px;--awb-amount:20px;border-color:var(--awb-color3);border-top-width:1px;\"><\/div><\/div><div class=\"fusion-text fusion-text-5\"><p>07 ao\u00fbt 2024<\/p>\n<p><strong>TeleBielingue<\/strong><\/p>\n<p><a href=\"https:\/\/web.telebielingue.ch\/fr\/emissions\/info\/2024-08-06\">Vers le reportage<\/a><\/p>\n<\/div><div class=\"fusion-separator fusion-full-width-sep\" style=\"align-self: center;margin-left: auto;margin-right: auto;width:100%;\"><div class=\"fusion-separator-border sep-single sep-solid\" style=\"--awb-height:20px;--awb-amount:20px;border-color:var(--awb-color3);border-top-width:1px;\"><\/div><\/div><div class=\"fusion-text fusion-text-6\"><p>07 ao\u00fbt 2024<\/p>\n<p><strong>Canal Alpha<\/strong><\/p>\n<p><a href=\"https:\/\/www.canalalpha.ch\/play\/le-journal\/topic\/34751\/le-projet-infineed-veut-vous-economiser-de-lelectricite\">Vers le reportage<\/a><\/p>\n<\/div><div class=\"fusion-separator fusion-full-width-sep\" style=\"align-self: center;margin-left: auto;margin-right: auto;width:100%;\"><div class=\"fusion-separator-border sep-single sep-solid\" style=\"--awb-height:20px;--awb-amount:20px;border-color:var(--awb-color3);border-top-width:1px;\"><\/div><\/div><div class=\"fusion-text fusion-text-7\"><p>05 juillet 2024<\/p>\n<p><strong>Journal du Jura<\/strong><\/p>\n<h5 class=\"sc-1iq3hu0-0 fYcAOv sc-199v9xc-5 cYVlnN\">Eclairer la consommation d&#8217;\u00e9lectricit\u00e9 des Valloniers<\/h5>\n<p><a href=\"https:\/\/swiss-energypark.com\/wp-content\/uploads\/2024\/08\/Journal_du_Jura_05-juil-BR.pdf\">Vers l&#8217;article<\/a><\/p>\n<\/div><\/div><\/div><\/div><\/div><div class=\"fusion-fullwidth fullwidth-box fusion-builder-row-5 fusion-flex-container nonhundred-percent-fullwidth non-hundred-percent-height-scrolling\" style=\"--awb-border-radius-top-left:0px;--awb-border-radius-top-right:0px;--awb-border-radius-bottom-right:0px;--awb-border-radius-bottom-left:0px;--awb-padding-top:96px;--awb-padding-bottom:10px;--awb-padding-top-small:40px;--awb-padding-bottom-small:40px;--awb-background-color:#e0e6e2;--awb-flex-wrap:wrap;\" ><div class=\"fusion-builder-row fusion-row fusion-flex-align-items-flex-start fusion-flex-content-wrap\" style=\"max-width:1296px;margin-left: calc(-8% \/ 2 );margin-right: calc(-8% \/ 2 );\"><div class=\"fusion-layout-column fusion_builder_column fusion-builder-column-4 fusion_builder_column_1_1 1_1 fusion-flex-column\" style=\"--awb-bg-size:cover;--awb-width-large:100%;--awb-margin-top-large:0px;--awb-spacing-right-large:3.68%;--awb-margin-bottom-large:20px;--awb-spacing-left-large:3.68%;--awb-width-medium:100%;--awb-order-medium:0;--awb-spacing-right-medium:3.68%;--awb-spacing-left-medium:3.68%;--awb-width-small:100%;--awb-order-small:0;--awb-spacing-right-small:3.68%;--awb-spacing-left-small:3.68%;\"><div class=\"fusion-column-wrapper fusion-column-has-shadow fusion-flex-justify-content-flex-start fusion-content-layout-column\"><div class=\"fusion-text fusion-text-8\" style=\"--awb-font-size:var(--awb-typography3-font-size);--awb-line-height:var(--awb-typography3-line-height);--awb-letter-spacing:var(--awb-typography3-letter-spacing);--awb-text-transform:var(--awb-typography3-text-transform);--awb-text-font-family:var(--awb-typography3-font-family);--awb-text-font-weight:var(--awb-typography3-font-weight);--awb-text-font-style:var(--awb-typography3-font-style);\"><p>Press Conference &#8211; May 03, 2022<\/p>\n<h3>CircuBAT\u00a0: r\u00f4le du Swiss Energypark et implications r\u00e9gionales<\/h3>\n<\/div><\/div><\/div><\/div><\/div><div class=\"fusion-fullwidth fullwidth-box fusion-builder-row-6 fusion-flex-container nonhundred-percent-fullwidth non-hundred-percent-height-scrolling\" style=\"--awb-border-radius-top-left:0px;--awb-border-radius-top-right:0px;--awb-border-radius-bottom-right:0px;--awb-border-radius-bottom-left:0px;--awb-padding-top:10px;--awb-background-color:#ffffff;--awb-flex-wrap:wrap;\" ><div class=\"fusion-builder-row fusion-row fusion-flex-align-items-flex-start fusion-flex-content-wrap\" style=\"max-width:1296px;margin-left: calc(-8% \/ 2 );margin-right: calc(-8% \/ 2 );\"><div class=\"fusion-layout-column fusion_builder_column fusion-builder-column-5 fusion_builder_column_1_1 1_1 fusion-flex-column\" style=\"--awb-bg-size:cover;--awb-width-large:100%;--awb-margin-top-large:0px;--awb-spacing-right-large:3.68%;--awb-margin-bottom-large:20px;--awb-spacing-left-large:3.68%;--awb-width-medium:100%;--awb-order-medium:0;--awb-spacing-right-medium:3.68%;--awb-spacing-left-medium:3.68%;--awb-width-small:100%;--awb-order-small:0;--awb-spacing-right-small:3.68%;--awb-spacing-left-small:3.68%;\"><div class=\"fusion-column-wrapper fusion-column-has-shadow fusion-flex-justify-content-flex-start fusion-content-layout-column\"><div class=\"fusion-text fusion-text-9\"><p>03 mai 2022<\/p>\n<p><strong>Canal Alpha<\/strong><\/p>\n<h5 class=\"sc-1iq3hu0-0 fYcAOv sc-199v9xc-5 cYVlnN\">CircuBat veut donner une seconde vie aux batteries<\/h5>\n<p><a href=\"https:\/\/www.canalalpha.ch\/play\/le-journal\/topic\/26406\/circubat-veut-donner-une-seconde-vie-aux-batteries\">Vers l&#8217;article<\/a><\/p>\n<\/div><div class=\"fusion-separator fusion-full-width-sep\" style=\"align-self: center;margin-left: auto;margin-right: auto;width:100%;\"><div class=\"fusion-separator-border sep-single sep-solid\" style=\"--awb-height:20px;--awb-amount:20px;border-color:var(--awb-color3);border-top-width:1px;\"><\/div><\/div><div class=\"fusion-text fusion-text-10\"><p>03 mai 2022<\/p>\n<p><strong>Radio Television Suisse<\/strong><\/p>\n<h5 class=\"article-part article-title\">Une entreprise suisse veut r\u00e9utiliser des batteries pour fournir de l\u2019\u00e9lectricit\u00e9<\/h5>\n<p><a href=\"https:\/\/www.rts.ch\/info\/suisse\/13066246-une-entreprise-suisse-veut-reutiliser-des-batteries-pour-fournir-de-l-electricite.html?rts_source=rss_t\">Vers l&#8217;article<\/a><\/p>\n<\/div><div class=\"fusion-separator fusion-full-width-sep\" style=\"align-self: center;margin-left: auto;margin-right: auto;width:100%;\"><div class=\"fusion-separator-border sep-single sep-solid\" style=\"--awb-height:20px;--awb-amount:20px;border-color:var(--awb-color3);border-top-width:1px;\"><\/div><\/div><div class=\"fusion-text fusion-text-11\"><p>03 mai 2022<\/p>\n<p><strong>Le Journal du Jura<\/strong><\/p>\n<h5 class=\"article-part article-title\">La r\u00e9gion tr\u00e8s impliqu\u00e9e dans un projet \u00e9nerg\u00e9tique potentiellement novateur<\/h5>\n<p><a href=\"https:\/\/swiss-energypark.com\/wp-content\/uploads\/2022\/05\/JdJ_La_region_au_coeur_dun_projet_pionnier.pdf\">Vers l&#8217;article<\/a><\/p>\n<\/div><div class=\"fusion-separator fusion-full-width-sep\" style=\"align-self: center;margin-left: auto;margin-right: auto;width:100%;\"><div class=\"fusion-separator-border sep-single sep-solid\" style=\"--awb-height:20px;--awb-amount:20px;border-color:var(--awb-color3);border-top-width:1px;\"><\/div><\/div><div class=\"fusion-text fusion-text-12\"><p>03 mai 2022<\/p>\n<p><strong>Le Quotidien Jurassien<\/strong><\/p>\n<h5 class=\"article-part article-title\">Les batteries, barrage de demain?<\/h5>\n<p><a href=\"https:\/\/swiss-energypark.com\/wp-content\/uploads\/2022\/05\/QJ_Les_batteries_barrages_de_demain_.pdf\">Vers l&#8217;article<\/a><\/p>\n<\/div><div class=\"fusion-separator fusion-full-width-sep\" style=\"align-self: center;margin-left: auto;margin-right: auto;width:100%;\"><div class=\"fusion-separator-border sep-single sep-solid\" style=\"--awb-height:20px;--awb-amount:20px;border-color:var(--awb-color3);border-top-width:1px;\"><\/div><\/div><div class=\"fusion-text fusion-text-13\"><p>03 mai 2022<\/p>\n<p><strong>RJB<\/strong><\/p>\n<h5 class=\"pageTitle\">De vieilles batteries au lithium pour stocker l\u2019\u00e9nergie<\/h5>\n<p><a href=\"https:\/\/www.rjb.ch\/rjb\/Actualite\/Region\/20220503-De-vieilles-batteries-au-lithium-pour-stocker-l-energie.html\">Vers l&#8217;article<\/a><\/p>\n<\/div><\/div><\/div><\/div><\/div><\/p>\n","protected":false},"excerpt":{"rendered":"","protected":false},"author":5,"featured_media":31998,"parent":0,"menu_order":0,"comment_status":"closed","ping_status":"closed","template":"100-width.php","meta":{"footnotes":""},"class_list":["post-32008","page","type-page","status-publish","has-post-thumbnail","hentry"],"aioseo_notices":[],"_links":{"self":[{"href":"https:\/\/swiss-energypark.com\/de\/wp-json\/wp\/v2\/pages\/32008","targetHints":{"allow":["GET"]}}],"collection":[{"href":"https:\/\/swiss-energypark.com\/de\/wp-json\/wp\/v2\/pages"}],"about":[{"href":"https:\/\/swiss-energypark.com\/de\/wp-json\/wp\/v2\/types\/page"}],"author":[{"embeddable":true,"href":"https:\/\/swiss-energypark.com\/de\/wp-json\/wp\/v2\/users\/5"}],"replies":[{"embeddable":true,"href":"https:\/\/swiss-energypark.com\/de\/wp-json\/wp\/v2\/comments?post=32008"}],"version-history":[{"count":13,"href":"https:\/\/swiss-energypark.com\/de\/wp-json\/wp\/v2\/pages\/32008\/revisions"}],"predecessor-version":[{"id":32821,"href":"https:\/\/swiss-energypark.com\/de\/wp-json\/wp\/v2\/pages\/32008\/revisions\/32821"}],"wp:featuredmedia":[{"embeddable":true,"href":"https:\/\/swiss-energypark.com\/de\/wp-json\/wp\/v2\/media\/31998"}],"wp:attachment":[{"href":"https:\/\/swiss-energypark.com\/de\/wp-json\/wp\/v2\/media?parent=32008"}],"curies":[{"name":"wp","href":"https:\/\/api.w.org\/{rel}","templated":true}]}}